{"id":443,"date":"2020-03-11T11:32:52","date_gmt":"2020-03-11T11:32:52","guid":{"rendered":"https:\/\/www.freie-schule-ananda.de\/?page_id=443"},"modified":"2020-03-12T09:37:51","modified_gmt":"2020-03-12T09:37:51","slug":"giraffenschule","status":"publish","type":"page","link":"https:\/\/www.freie-schule-ananda.de\/en\/giraffenschule\/","title":{"rendered":"Giraffenschule"},"content":{"rendered":"<h3><span style=\"color: #ff0000;\">A<\/span><span style=\"color: #3366ff;\">N<span style=\"color: #008080;\">A<\/span><\/span><span style=\"color: #ffcc00;\">N<\/span><span style=\"color: #008000;\">D<\/span><span style=\"color: #ff00ff;\">A<\/span><span style=\"color: #000080;\"><span style=\"font-weight: 400;\"> \u2013 ein Ort der Begegnung und des Lernens ist eine\u00a0<\/span><\/span><span style=\"color: #000080;\"><b>Giraffenschule<\/b><span style=\"font-weight: 400;\"> \u2013 was hei\u00dft das?<img decoding=\"async\" class=\"wp-image-391 alignright\" src=\"https:\/\/www.freie-schule-ananda.de\/wp-content\/uploads\/2020\/03\/6383722-frei-300x300.png\" alt=\"\" width=\"68\" height=\"68\" srcset=\"https:\/\/www.freie-schule-ananda.de\/wp-content\/uploads\/2020\/03\/6383722-frei-300x300.png 300w, https:\/\/www.freie-schule-ananda.de\/wp-content\/uploads\/2020\/03\/6383722-frei-150x150.png 150w, https:\/\/www.freie-schule-ananda.de\/wp-content\/uploads\/2020\/03\/6383722-frei-100x100.png 100w, https:\/\/www.freie-schule-ananda.de\/wp-content\/uploads\/2020\/03\/6383722-frei.png 360w\" sizes=\"(max-width: 68px) 100vw, 68px\" \/><\/span><\/span><\/h3>\n<h3><span style=\"font-weight: 400; color: #000080;\">Die gewaltfreie Kommunikation nach Marshall Rosenberg hat als Symboltiere die Giraffe und den Wolf.<\/span><\/h3>\n<h3><span style=\"font-weight: 400; color: #000080;\">Die Giraffe, das Landtier mit dem gr\u00f6\u00dften Herz, dem l\u00e4ngsten Hals (also gr\u00f6\u00dftem Abstand von Kopf und Herz) und ohne Feinde. Sie steht sinnbildlich f\u00fcr eine Sprache des Herzens, der Empathie.\u00a0<\/span><\/h3>\n<h3><span style=\"font-weight: 400; color: #000080;\">Der Wolf, und zwar der einsame, von seinem Rudel versto\u00dfene Wolf, steht sinnbildlich f\u00fcr ein in Not befindliches Tier. Er sucht Zuwendung, ist hungrig und so hin und wieder aggressiv. Der Wolf will nichts B\u00f6ses, er kann seine Bed\u00fcrfnisse nicht besser formulieren.\u00a0<\/span><\/h3>\n<h3><span style=\"font-weight: 400; color: #000080;\">In der Giraffensprache suche ich keinen Schuldigen, sondern h\u00f6re bei mir und bei meinem Gegen\u00fcber Bed\u00fcrfnisse und Gef\u00fchle. Ich sehe menschliche Gef\u00fchle als Anzeiger f\u00fcr erf\u00fcllte oder unerf\u00fcllte Bed\u00fcrfnisse an und versuche gemeinsame Strategien zu finden, damit alle Bed\u00fcrfnisse erf\u00fcllt werden k\u00f6nnen. Ich feiere und bedauere erf\u00fcllte und unerf\u00fcllte Bed\u00fcrfnisse. Ich urteile nicht.<\/span><\/h3>\n<h3><span style=\"font-weight: 400; color: #000080;\">Jedes menschliche Handeln dient dazu sich ein Bed\u00fcrfnis zu erf\u00fcllen. Auf der Ebene der Bed\u00fcrfnisse sind alle Menschen gleich. Alle Bed\u00fcrfnisse sind richtig. Wenn wir aber in Not sind, w\u00e4hlen wir unter Umst\u00e4nden Strategien, die mit den Bed\u00fcrfnissen der anderen Menschen, Tiere oder der Natur nicht im Einklang stehen. Hier entstehen Konflikte, hier gibt es vertretbare und nicht vertretbare Strategien.\u00a0<\/span><\/h3>\n<h3><span style=\"font-weight: 400; color: #000080;\">An der <\/span><span style=\"color: #ff0000;\">A<\/span><span style=\"color: #3366ff;\">N<span style=\"color: #008080;\">A<\/span><\/span><span style=\"color: #ffcc00;\">N<\/span><span style=\"color: #008000;\">D<\/span><span style=\"color: #ff00ff;\">A <\/span><span style=\"font-weight: 400;\"><span style=\"color: #000080;\">lernen alle Mitglieder der Schulgemeinschaft die Grundlagen der GFK kennen. Die Lernenden werden schon in fr\u00fchem Alter mit den menschlichen Bed\u00fcrfnissen und Gef\u00fchlen vertraut. Sie sind immer wieder eingeladen, auf ihre eigenen Gef\u00fchle und Bed\u00fcrfnisse zu h\u00f6ren und diese zu formulieren. Alle begegnen sich auf Augenh\u00f6he und Konflikte werden durch auf GFK basierender Mediation gel\u00f6st, dabei stehen den Lernenden sowohl erwachsenen Mediatoren als auch gleichaltrige geschulte Sch\u00fclermediatoren<\/span> <span style=\"color: #000080;\">zur Verf\u00fcgung.<\/span><\/span><\/h3>\n<h3><span style=\"font-weight: 400; color: #000080;\">In der GFK Haltung bin ich als Mensch stets selber daf\u00fcr verantwortlich, meine Bed\u00fcrfnisse zu erkennen und gut f\u00fcr mich zu sorgen, ohne dabei die Anderen au\u00dfer acht zu lassen. Diese Grundhaltung erm\u00f6glicht ein empathisches Miteinander der Schulgemeinschaft. Ich \u00fcbernehme als Mensch Verantwortung f\u00fcr mein Tun und kann nicht durch Amtssprache wie \u201eich musste\/ ich sollte \/ich darf nicht\/ &#8230;hat beschlossen, dass,&#8230; etc\u201c meine Verantwortung an andere abgeben. Die Welt braucht dringend Menschen, die f\u00fcr ihr Handeln Verantwortung \u00fcbernehmen.\u00a0<\/span><\/h3>\n<h3><span style=\"font-weight: 400; color: #000080;\">\u201eDie Gewaltfreie Kommunikation hilft uns dabei, Frieden in uns selbst zu schaffen. Frieden beginnt in uns selbst.\u201c\u00a0 (Marshall Rosenberg in &#8211; Die Sprache des Friedens sprechen.)<\/span><\/h3>\n<h3><span style=\"font-weight: 400; color: #000080;\"><img decoding=\"async\" class=\"alignnone wp-image-452\" src=\"https:\/\/www.freie-schule-ananda.de\/wp-content\/uploads\/2020\/03\/6383722-frei-l-300x300.png\" alt=\"\" width=\"88\" height=\"88\" srcset=\"https:\/\/www.freie-schule-ananda.de\/wp-content\/uploads\/2020\/03\/6383722-frei-l-300x300.png 300w, https:\/\/www.freie-schule-ananda.de\/wp-content\/uploads\/2020\/03\/6383722-frei-l-150x150.png 150w, https:\/\/www.freie-schule-ananda.de\/wp-content\/uploads\/2020\/03\/6383722-frei-l-100x100.png 100w, https:\/\/www.freie-schule-ananda.de\/wp-content\/uploads\/2020\/03\/6383722-frei-l.png 360w\" sizes=\"(max-width: 88px) 100vw, 88px\" \/><\/span><\/h3>\n<h3><span style=\"font-weight: 400; color: #000080;\">Literatur zum Weiterlesen:<\/span><\/h3>\n<h3><span style=\"font-weight: 400; color: #000080;\">Marshall Rosenberg\u00a0<\/span><\/h3>\n<ul>\n<li style=\"list-style-type: none;\">\n<ul>\n<li style=\"font-weight: 400;\">\n<h3><span style=\"font-weight: 400; color: #000080;\">Nonviolent Communication<\/span><\/h3>\n<\/li>\n<li style=\"font-weight: 400;\">\n<h3><span style=\"font-weight: 400; color: #000080;\">Die Sprache des Friedens sprechen \u2013 in einer konfliktreichen Welt<\/span><\/h3>\n<\/li>\n<li style=\"font-weight: 400;\">\n<h3><span style=\"font-weight: 400; color: #000080;\">Erziehung, die das Leben bereichert<\/span><\/h3>\n<\/li>\n<li style=\"font-weight: 400;\">\n<h3><span style=\"font-weight: 400; color: #000080;\">Lebendige Spiritualit\u00e4t<\/span><\/h3>\n<\/li>\n<\/ul>\n<\/li>\n<\/ul>\n<h3><span style=\"font-weight: 400; color: #000080;\">Ingrid Holler<\/span><\/h3>\n<ul>\n<li style=\"list-style-type: none;\">\n<ul>\n<li style=\"font-weight: 400;\">\n<h3><span style=\"font-weight: 400; color: #000080;\">Trainingsbuch gewaltfreie Kommunikation<\/span><\/h3>\n<\/li>\n<li style=\"font-weight: 400;\">\n<h3><span style=\"font-weight: 400; color: #000080;\">Und pl\u00f6tzlich \u00f6ffnet sich eine T\u00fcr \u2013 GFK Erfolgsgeschichten<\/span><\/h3>\n<\/li>\n<\/ul>\n<\/li>\n<\/ul>\n<h3><span style=\"font-weight: 400; color: #000080;\">S.Hart &amp; Kindle Hodson<\/span><\/h3>\n<ul>\n<li style=\"list-style-type: none;\">\n<ul>\n<li style=\"font-weight: 400;\">\n<h3><span style=\"font-weight: 400; color: #000080;\">Respektvoll miteinander leben<\/span><\/h3>\n<\/li>\n<\/ul>\n<\/li>\n<\/ul>\n<h3><span style=\"font-weight: 400; color: #000080;\">Liv Larsson<\/span><\/h3>\n<ul>\n<li style=\"list-style-type: none;\">\n<ul>\n<li style=\"font-weight: 400;\">\n<h3><span style=\"font-weight: 400; color: #000080;\">Wut, Schuld und Scham<\/span><\/h3>\n<\/li>\n<\/ul>\n<\/li>\n<\/ul>\n<h3><span style=\"font-weight: 400; color: #000080;\">Gottfried Orth &amp; Hilde Fritz<\/span><\/h3>\n<ul>\n<li style=\"list-style-type: none;\">\n<ul>\n<li style=\"font-weight: 400;\">\n<h3><span style=\"font-weight: 400; color: #000080;\">Gewaltfreie Kommunikation in der Schule<\/span><\/h3>\n<\/li>\n<\/ul>\n<\/li>\n<\/ul>\n<h3><span style=\"font-weight: 400; color: #000080;\">Serena Rust<\/span><\/h3>\n<ul>\n<li style=\"list-style-type: none;\">\n<ul>\n<li style=\"font-weight: 400;\">\n<h3><span style=\"font-weight: 400; color: #000080;\">Wenn die Giraffe mit dem Wolf tanzt<\/span><\/h3>\n<\/li>\n<\/ul>\n<\/li>\n<\/ul>\n<h3><span style=\"font-weight: 400; color: #000080;\">Frank und Gundi Gaschler<\/span><\/h3>\n<ul>\n<li style=\"list-style-type: none;\">\n<ul>\n<li style=\"font-weight: 400;\">\n<h3><span style=\"font-weight: 400; color: #000080;\">Ich will verstehen, was du wirklich brauchst<\/span><\/h3>\n<\/li>\n<\/ul>\n<\/li>\n<\/ul>","protected":false},"excerpt":{"rendered":"<p>ANANDA \u2013 ein Ort der Begegnung und des Lernens ist eine\u00a0Giraffenschule \u2013 was hei\u00dft das? Die gewaltfreie Kommunikation nach Marshall Rosenberg hat als Symboltiere die Giraffe und den Wolf. Die Giraffe, das Landtier mit dem gr\u00f6\u00dften Herz, dem l\u00e4ngsten Hals (also gr\u00f6\u00dftem Abstand von Kopf und Herz) und ohne Feinde. Sie steht sinnbildlich f\u00fcr eine [&hellip;]<\/p>\n","protected":false},"author":2,"featured_media":0,"parent":0,"menu_order":0,"comment_status":"closed","ping_status":"closed","template":"","meta":{"footnotes":""},"_links":{"self":[{"href":"https:\/\/www.freie-schule-ananda.de\/en\/wp-json\/wp\/v2\/pages\/443"}],"collection":[{"href":"https:\/\/www.freie-schule-ananda.de\/en\/wp-json\/wp\/v2\/pages"}],"about":[{"href":"https:\/\/www.freie-schule-ananda.de\/en\/wp-json\/wp\/v2\/types\/page"}],"author":[{"embeddable":true,"href":"https:\/\/www.freie-schule-ananda.de\/en\/wp-json\/wp\/v2\/users\/2"}],"replies":[{"embeddable":true,"href":"https:\/\/www.freie-schule-ananda.de\/en\/wp-json\/wp\/v2\/comments?post=443"}],"version-history":[{"count":7,"href":"https:\/\/www.freie-schule-ananda.de\/en\/wp-json\/wp\/v2\/pages\/443\/revisions"}],"predecessor-version":[{"id":458,"href":"https:\/\/www.freie-schule-ananda.de\/en\/wp-json\/wp\/v2\/pages\/443\/revisions\/458"}],"wp:attachment":[{"href":"https:\/\/www.freie-schule-ananda.de\/en\/wp-json\/wp\/v2\/media?parent=443"}],"curies":[{"name":"wp","href":"https:\/\/api.w.org\/{rel}","templated":true}]}}