{"id":1801,"date":"2024-04-24T09:34:15","date_gmt":"2024-04-24T07:34:15","guid":{"rendered":"https:\/\/www.freie-schule-ananda.de\/?page_id=1801"},"modified":"2024-04-24T09:45:49","modified_gmt":"2024-04-24T07:45:49","slug":"ananda-jurte","status":"publish","type":"page","link":"https:\/\/www.freie-schule-ananda.de\/en\/ananda-jurte\/","title":{"rendered":"ANANDA Yurt"},"content":{"rendered":"\t\t<div data-elementor-type=\"wp-page\" data-elementor-id=\"1801\" class=\"elementor elementor-1801\" data-elementor-post-type=\"page\">\n\t\t\t\t\t\t<section class=\"elementor-section elementor-top-section elementor-element elementor-element-b95dccd elementor-section-full_width elementor-section-items-bottom elementor-section-height-min-height elementor-section-height-default\" data-id=\"b95dccd\" data-element_type=\"section\" data-settings=\"{&quot;background_background&quot;:&quot;classic&quot;}\">\n\t\t\t\t\t\t<div class=\"elementor-container elementor-column-gap-no\">\n\t\t\t\t\t<div class=\"elementor-column elementor-col-100 elementor-top-column elementor-element elementor-element-e5439b4\" data-id=\"e5439b4\" data-element_type=\"column\">\n\t\t\t<div class=\"elementor-widget-wrap elementor-element-populated\">\n\t\t\t\t\t\t<div class=\"elementor-element elementor-element-1fed108 elementor-widget elementor-widget-heading\" data-id=\"1fed108\" data-element_type=\"widget\" data-widget_type=\"heading.default\">\n\t\t\t\t<div class=\"elementor-widget-container\">\n\t\t\t\t\t<h2 class=\"elementor-heading-title elementor-size-default\">ANANDA Jurte<\/h2>\t\t\t\t<\/div>\n\t\t\t\t<\/div>\n\t\t\t\t\t<\/div>\n\t\t<\/div>\n\t\t\t\t\t<\/div>\n\t\t<\/section>\n\t\t\t\t<section class=\"elementor-section elementor-top-section elementor-element elementor-element-a3d890b elementor-section-content-middle elementor-section-boxed elementor-section-height-default elementor-section-height-default\" data-id=\"a3d890b\" data-element_type=\"section\">\n\t\t\t\t\t\t<div class=\"elementor-container elementor-column-gap-no\">\n\t\t\t\t\t<div class=\"elementor-column elementor-col-50 elementor-top-column elementor-element elementor-element-f96d57d\" data-id=\"f96d57d\" data-element_type=\"column\">\n\t\t\t<div class=\"elementor-widget-wrap elementor-element-populated\">\n\t\t\t\t\t\t<div class=\"elementor-element elementor-element-36e67ad elementor-widget elementor-widget-heading\" data-id=\"36e67ad\" data-element_type=\"widget\" data-widget_type=\"heading.default\">\n\t\t\t\t<div class=\"elementor-widget-container\">\n\t\t\t\t\t<h2 class=\"elementor-heading-title elementor-size-default\">Die Entstehung<\/h2>\t\t\t\t<\/div>\n\t\t\t\t<\/div>\n\t\t\t\t<div class=\"elementor-element elementor-element-0b929b8 elementor-widget elementor-widget-text-editor\" data-id=\"0b929b8\" data-element_type=\"widget\" data-widget_type=\"text-editor.default\">\n\t\t\t\t<div class=\"elementor-widget-container\">\n\t\t\t\t\t\t\t\t\t<p class=\"p1\">Die Idee der ANANDA Jurte ist im Jahr 2022 entstanden. Nachdem wir auf der Suche nach einem geeigneten Grundst\u00fcck f\u00fcr die Er\u00f6ffnung der ANANDA- Schule waren, wollten wir uns nicht l\u00e4nger nur in der Theorie bewegen, sondern das Konzept experimentell lebendig werden lassen und ein Ort der Gemeinschaft und des Miteinanders kreieren, ein Ort des Lernens und der Begegnung. So haben wir uns entschieden, neben unserer weiteren Suche nach einem geeigneten Grundst\u00fcck f\u00fcr die ANANDA-Schule, unsere Ideen zun\u00e4chst einmal r\u00e4umlich in Form einer Jurte umzusetzen.<\/p><p>Dabei hatten wir gro\u00dfartige Unterst\u00fctzung von Spendern sowie von den Familien Felix und Kugler, die uns auf ihrem Grundst\u00fcck in Wahlweiler, Deggenhausertal einen Platz f\u00fcr die Jurte zur Verf\u00fcgung gestellt hat.<\/p>\t\t\t\t\t\t\t\t<\/div>\n\t\t\t\t<\/div>\n\t\t\t\t<div class=\"elementor-element elementor-element-b918170 elementor-view-stacked elementor-widget__width-auto elementor-fixed elementor-shape-circle elementor-widget elementor-widget-icon\" data-id=\"b918170\" data-element_type=\"widget\" data-settings=\"{&quot;motion_fx_motion_fx_scrolling&quot;:&quot;yes&quot;,&quot;motion_fx_opacity_effect&quot;:&quot;yes&quot;,&quot;motion_fx_opacity_range&quot;:{&quot;unit&quot;:&quot;%&quot;,&quot;size&quot;:&quot;&quot;,&quot;sizes&quot;:{&quot;start&quot;:20,&quot;end&quot;:20}},&quot;_position&quot;:&quot;fixed&quot;,&quot;motion_fx_opacity_direction&quot;:&quot;out-in&quot;,&quot;motion_fx_opacity_level&quot;:{&quot;unit&quot;:&quot;px&quot;,&quot;size&quot;:10,&quot;sizes&quot;:[]},&quot;motion_fx_devices&quot;:[&quot;desktop&quot;,&quot;tablet&quot;,&quot;mobile&quot;]}\" data-widget_type=\"icon.default\">\n\t\t\t\t<div class=\"elementor-widget-container\">\n\t\t\t\t\t\t\t<div class=\"elementor-icon-wrapper\">\n\t\t\t<a class=\"elementor-icon\" href=\"#header-eltern\">\n\t\t\t<i aria-hidden=\"true\" class=\"fas fa-arrow-up\"><\/i>\t\t\t<\/a>\n\t\t<\/div>\n\t\t\t\t\t\t<\/div>\n\t\t\t\t<\/div>\n\t\t\t\t\t<\/div>\n\t\t<\/div>\n\t\t\t\t<div class=\"elementor-column elementor-col-50 elementor-top-column elementor-element elementor-element-9ea9545 animated-slow elementor-invisible\" data-id=\"9ea9545\" data-element_type=\"column\" data-settings=\"{&quot;background_background&quot;:&quot;classic&quot;,&quot;animation&quot;:&quot;fadeInRight&quot;,&quot;animation_delay&quot;:100}\">\n\t\t\t<div class=\"elementor-widget-wrap elementor-element-populated\">\n\t\t\t\t\t\t<div class=\"elementor-element elementor-element-6fcab89 elementor-hidden-desktop elementor-hidden-tablet elementor-widget elementor-widget-image\" data-id=\"6fcab89\" data-element_type=\"widget\" data-widget_type=\"image.default\">\n\t\t\t\t<div class=\"elementor-widget-container\">\n\t\t\t\t\t\t\t\t\t\t\t\t\t\t\t<img fetchpriority=\"high\" decoding=\"async\" width=\"768\" height=\"1024\" src=\"https:\/\/www.freie-schule-ananda.de\/wp-content\/uploads\/2024\/04\/WhatsApp-Image-2024-04-13-at-10.22.26-768x1024.jpeg\" class=\"attachment-medium_large size-medium_large wp-image-1807\" alt=\"\" srcset=\"https:\/\/www.freie-schule-ananda.de\/wp-content\/uploads\/2024\/04\/WhatsApp-Image-2024-04-13-at-10.22.26-768x1024.jpeg 768w, https:\/\/www.freie-schule-ananda.de\/wp-content\/uploads\/2024\/04\/WhatsApp-Image-2024-04-13-at-10.22.26-225x300.jpeg 225w, https:\/\/www.freie-schule-ananda.de\/wp-content\/uploads\/2024\/04\/WhatsApp-Image-2024-04-13-at-10.22.26-300x400.jpeg 300w, https:\/\/www.freie-schule-ananda.de\/wp-content\/uploads\/2024\/04\/WhatsApp-Image-2024-04-13-at-10.22.26.jpeg 960w\" sizes=\"(max-width: 768px) 100vw, 768px\" \/>\t\t\t\t\t\t\t\t\t\t\t\t\t\t\t<\/div>\n\t\t\t\t<\/div>\n\t\t\t\t\t<\/div>\n\t\t<\/div>\n\t\t\t\t\t<\/div>\n\t\t<\/section>\n\t\t\t\t<section class=\"elementor-section elementor-top-section elementor-element elementor-element-a66fc4d elementor-section-content-middle elementor-reverse-mobile elementor-section-boxed elementor-section-height-default elementor-section-height-default\" data-id=\"a66fc4d\" data-element_type=\"section\">\n\t\t\t\t\t\t<div class=\"elementor-container elementor-column-gap-no\">\n\t\t\t\t\t<div class=\"elementor-column elementor-col-50 elementor-top-column elementor-element elementor-element-d51c3f6 animated-slow elementor-invisible\" data-id=\"d51c3f6\" data-element_type=\"column\" data-settings=\"{&quot;background_background&quot;:&quot;classic&quot;,&quot;animation&quot;:&quot;fadeInLeft&quot;,&quot;animation_delay&quot;:100}\">\n\t\t\t<div class=\"elementor-widget-wrap elementor-element-populated\">\n\t\t\t\t\t\t<div class=\"elementor-element elementor-element-4c91bc7 elementor-hidden-desktop elementor-hidden-tablet elementor-widget elementor-widget-image\" data-id=\"4c91bc7\" data-element_type=\"widget\" data-widget_type=\"image.default\">\n\t\t\t\t<div class=\"elementor-widget-container\">\n\t\t\t\t\t\t\t\t\t\t\t\t\t\t\t<img decoding=\"async\" width=\"768\" height=\"1024\" src=\"https:\/\/www.freie-schule-ananda.de\/wp-content\/uploads\/2024\/04\/WhatsApp-Image-2024-04-13-at-10.22.27-2-768x1024.jpeg\" class=\"attachment-medium_large size-medium_large wp-image-1805\" alt=\"\" srcset=\"https:\/\/www.freie-schule-ananda.de\/wp-content\/uploads\/2024\/04\/WhatsApp-Image-2024-04-13-at-10.22.27-2-768x1024.jpeg 768w, https:\/\/www.freie-schule-ananda.de\/wp-content\/uploads\/2024\/04\/WhatsApp-Image-2024-04-13-at-10.22.27-2-225x300.jpeg 225w, https:\/\/www.freie-schule-ananda.de\/wp-content\/uploads\/2024\/04\/WhatsApp-Image-2024-04-13-at-10.22.27-2-300x400.jpeg 300w, https:\/\/www.freie-schule-ananda.de\/wp-content\/uploads\/2024\/04\/WhatsApp-Image-2024-04-13-at-10.22.27-2.jpeg 960w\" sizes=\"(max-width: 768px) 100vw, 768px\" \/>\t\t\t\t\t\t\t\t\t\t\t\t\t\t\t<\/div>\n\t\t\t\t<\/div>\n\t\t\t\t\t<\/div>\n\t\t<\/div>\n\t\t\t\t<div class=\"elementor-column elementor-col-50 elementor-top-column elementor-element elementor-element-b558205\" data-id=\"b558205\" data-element_type=\"column\">\n\t\t\t<div class=\"elementor-widget-wrap elementor-element-populated\">\n\t\t\t\t\t\t<div class=\"elementor-element elementor-element-98d18ec elementor-widget elementor-widget-heading\" data-id=\"98d18ec\" data-element_type=\"widget\" data-widget_type=\"heading.default\">\n\t\t\t\t<div class=\"elementor-widget-container\">\n\t\t\t\t\t<h2 class=\"elementor-heading-title elementor-size-default\">Infos und Preise<\/h2>\t\t\t\t<\/div>\n\t\t\t\t<\/div>\n\t\t\t\t<div class=\"elementor-element elementor-element-0974964 elementor-widget elementor-widget-text-editor\" data-id=\"0974964\" data-element_type=\"widget\" data-widget_type=\"text-editor.default\">\n\t\t\t\t<div class=\"elementor-widget-container\">\n\t\t\t\t\t\t\t\t\t<p class=\"p1\">Seitdem finden in unserer Jurte regelm\u00e4\u00dfig Gemeinschaftsveranstaltungen statt, wie z.B. Jahreskreisfeste, Gartenwichteln und mehr. Unser Programm findest du unter dem Reiter \u201eEvents Aktuell\u201c<\/p><p class=\"p1\">Die Jurte kann auch f\u00fcr externe Veranstaltungen in der Woche oder am Wochenende gemietet werden. Die Mietpreise sind wie folgt:<\/p><p class=\"p1\">Stundenpreis Mai bis September &#8211; 15,00 Euro<\/p><p class=\"p1\">Stundenpreis Oktober bis April &#8211; 20,00 Euro inklusive Holz f\u00fcr den Ofen<\/p><p class=\"p1\">Wochenende Freitag bis Sonntag &#8211; 200,00 Euro<\/p><p class=\"p1\">Tagespreis Montag bis Donnerstag &#8211; 75,00 Euro<\/p><p class=\"p1\">Feiertagszuschlag Tagespreis &#8211; 15,00 Euro<\/p><p class=\"p1\">Reinigungskostenzuschlage f\u00fcr Wochenend- oder Tagesvermietung &#8211; 25,00Euro<\/p><p class=\"p1\">F\u00fcr deine Anfrage schreibe bitte eine E-mail an: <a href=\"mailto:harmony-with-nature@posteo.de\">harmony-with-nature@posteo.de<\/a>.<\/p>\t\t\t\t\t\t\t\t<\/div>\n\t\t\t\t<\/div>\n\t\t\t\t\t<\/div>\n\t\t<\/div>\n\t\t\t\t\t<\/div>\n\t\t<\/section>\n\t\t\t\t<section class=\"elementor-section elementor-top-section elementor-element elementor-element-f623649 elementor-section-full_width elementor-section-height-default elementor-section-height-default\" data-id=\"f623649\" data-element_type=\"section\">\n\t\t\t\t\t\t<div class=\"elementor-container elementor-column-gap-default\">\n\t\t\t\t\t<div class=\"elementor-column elementor-col-100 elementor-top-column elementor-element elementor-element-06bdc08\" data-id=\"06bdc08\" data-element_type=\"column\">\n\t\t\t<div class=\"elementor-widget-wrap elementor-element-populated\">\n\t\t\t\t\t\t<div class=\"elementor-element elementor-element-42ed196 elementor-pagination-position-outside elementor-widget elementor-widget-image-carousel\" data-id=\"42ed196\" data-element_type=\"widget\" data-settings=\"{&quot;slides_to_show&quot;:&quot;3&quot;,&quot;slides_to_show_tablet&quot;:&quot;3&quot;,&quot;navigation&quot;:&quot;dots&quot;,&quot;pause_on_hover&quot;:&quot;no&quot;,&quot;pause_on_interaction&quot;:&quot;no&quot;,&quot;autoplay&quot;:&quot;yes&quot;,&quot;autoplay_speed&quot;:5000,&quot;infinite&quot;:&quot;yes&quot;,&quot;speed&quot;:500,&quot;image_spacing_custom&quot;:{&quot;unit&quot;:&quot;px&quot;,&quot;size&quot;:20,&quot;sizes&quot;:[]},&quot;image_spacing_custom_tablet&quot;:{&quot;unit&quot;:&quot;px&quot;,&quot;size&quot;:&quot;&quot;,&quot;sizes&quot;:[]},&quot;image_spacing_custom_mobile&quot;:{&quot;unit&quot;:&quot;px&quot;,&quot;size&quot;:&quot;&quot;,&quot;sizes&quot;:[]}}\" data-widget_type=\"image-carousel.default\">\n\t\t\t\t<div class=\"elementor-widget-container\">\n\t\t\t\t\t\t\t<div class=\"elementor-image-carousel-wrapper swiper\" role=\"region\" aria-roledescription=\"carousel\" aria-label=\"Image Carousel\" dir=\"ltr\">\n\t\t\t<div class=\"elementor-image-carousel swiper-wrapper\" aria-live=\"off\">\n\t\t\t\t\t\t\t\t<div class=\"swiper-slide\" role=\"group\" aria-roledescription=\"slide\" aria-label=\"1 of 5\"><figure class=\"swiper-slide-inner\"><img decoding=\"async\" class=\"swiper-slide-image\" src=\"https:\/\/www.freie-schule-ananda.de\/wp-content\/uploads\/2024\/04\/WhatsApp-Image-2024-04-13-at-10.22.27-1-768x1024.jpeg\" alt=\"WhatsApp Image 2024-04-13 at 10.22.27 (1)\" \/><\/figure><\/div><div class=\"swiper-slide\" role=\"group\" aria-roledescription=\"slide\" aria-label=\"2 of 5\"><figure class=\"swiper-slide-inner\"><img decoding=\"async\" class=\"swiper-slide-image\" src=\"https:\/\/www.freie-schule-ananda.de\/wp-content\/uploads\/2024\/04\/WhatsApp-Image-2024-04-13-at-10.22.26-768x1024.jpeg\" alt=\"WhatsApp Image 2024-04-13 at 10.22.26\" \/><\/figure><\/div><div class=\"swiper-slide\" role=\"group\" aria-roledescription=\"slide\" aria-label=\"3 of 5\"><figure class=\"swiper-slide-inner\"><img decoding=\"async\" class=\"swiper-slide-image\" src=\"https:\/\/www.freie-schule-ananda.de\/wp-content\/uploads\/2024\/04\/WhatsApp-Image-2024-04-13-at-10.22.27-768x1024.jpeg\" alt=\"WhatsApp Image 2024-04-13 at 10.22.27\" \/><\/figure><\/div><div class=\"swiper-slide\" role=\"group\" aria-roledescription=\"slide\" aria-label=\"4 of 5\"><figure class=\"swiper-slide-inner\"><img decoding=\"async\" class=\"swiper-slide-image\" src=\"https:\/\/www.freie-schule-ananda.de\/wp-content\/uploads\/2024\/04\/WhatsApp-Image-2024-04-13-at-10.22.27-2-768x1024.jpeg\" alt=\"WhatsApp Image 2024-04-13 at 10.22.27 (2)\" \/><\/figure><\/div><div class=\"swiper-slide\" role=\"group\" aria-roledescription=\"slide\" aria-label=\"5 of 5\"><figure class=\"swiper-slide-inner\"><img decoding=\"async\" class=\"swiper-slide-image\" src=\"https:\/\/www.freie-schule-ananda.de\/wp-content\/uploads\/2024\/04\/WhatsApp-Image-2024-04-13-at-10.22.26-1-768x1024.jpeg\" alt=\"WhatsApp Image 2024-04-13 at 10.22.26 (1)\" \/><\/figure><\/div>\t\t\t<\/div>\n\t\t\t\t\t\t\t\n\t\t\t\t\t\t\t\t\t<div class=\"swiper-pagination\"><\/div>\n\t\t\t\t\t\t\t\t\t<\/div>\n\t\t\t\t\t\t<\/div>\n\t\t\t\t<\/div>\n\t\t\t\t\t<\/div>\n\t\t<\/div>\n\t\t\t\t\t<\/div>\n\t\t<\/section>\n\t\t\t\t<\/div>\n\t\t","protected":false},"excerpt":{"rendered":"<p>ANANDA Jurte Die Entstehung Die Idee der ANANDA Jurte ist im Jahr 2022 entstanden. Nachdem wir auf der Suche nach einem geeigneten Grundst\u00fcck f\u00fcr die Er\u00f6ffnung der ANANDA- Schule waren, wollten wir uns nicht l\u00e4nger nur in der Theorie bewegen, sondern das Konzept experimentell lebendig werden lassen und ein Ort der Gemeinschaft und des Miteinanders [&hellip;]<\/p>\n","protected":false},"author":4,"featured_media":0,"parent":0,"menu_order":0,"comment_status":"closed","ping_status":"closed","template":"elementor_header_footer","meta":{"footnotes":""},"_links":{"self":[{"href":"https:\/\/www.freie-schule-ananda.de\/en\/wp-json\/wp\/v2\/pages\/1801"}],"collection":[{"href":"https:\/\/www.freie-schule-ananda.de\/en\/wp-json\/wp\/v2\/pages"}],"about":[{"href":"https:\/\/www.freie-schule-ananda.de\/en\/wp-json\/wp\/v2\/types\/page"}],"author":[{"embeddable":true,"href":"https:\/\/www.freie-schule-ananda.de\/en\/wp-json\/wp\/v2\/users\/4"}],"replies":[{"embeddable":true,"href":"https:\/\/www.freie-schule-ananda.de\/en\/wp-json\/wp\/v2\/comments?post=1801"}],"version-history":[{"count":4,"href":"https:\/\/www.freie-schule-ananda.de\/en\/wp-json\/wp\/v2\/pages\/1801\/revisions"}],"predecessor-version":[{"id":1812,"href":"https:\/\/www.freie-schule-ananda.de\/en\/wp-json\/wp\/v2\/pages\/1801\/revisions\/1812"}],"wp:attachment":[{"href":"https:\/\/www.freie-schule-ananda.de\/en\/wp-json\/wp\/v2\/media?parent=1801"}],"curies":[{"name":"wp","href":"https:\/\/api.w.org\/{rel}","templated":true}]}}